{"id":1290,"date":"2021-05-21T09:38:12","date_gmt":"2021-05-21T07:38:12","guid":{"rendered":"https:\/\/www.devatec.com\/index.php\/produits\/"},"modified":"2026-03-30T15:21:10","modified_gmt":"2026-03-30T13:21:10","slug":"produits","status":"publish","type":"page","link":"https:\/\/www.devatec.com\/en\/produits\/","title":{"rendered":"Produits"},"content":{"rendered":"<div class=\"wpb-content-wrapper\"><p>[vc_row full_width=&#8221;stretch_row&#8221; background_color=&#8221;gradient&#8221; lg_spacing=&#8221;padding_top:89;padding_bottom:70&#8243; background_gradient=&#8221;background: -webkit-gradient(linear, left top, left bottom, color-stop(5%, #FFFFFF), color-stop(100%, #F5F5F5));background: -moz-linear-gradient(top,#FFFFFF 5%,#F5F5F5 100%);background: -webkit-linear-gradient(top,#FFFFFF 5%,#F5F5F5 100%);background: -o-linear-gradient(top,#FFFFFF 5%,#F5F5F5 100%);background: -ms-linear-gradient(top,#FFFFFF 5%,#F5F5F5 100%);background: linear-gradient(top,#FFFFFF 5%,#F5F5F5 100%);&#8221; el_id=&#8221;devatec&#8221;][vc_column][tm_heading custom_google_font=&#8221;&#8221; align=&#8221;center&#8221; font_size=&#8221;sm:36;md:42;lg:48&#8243; line_height=&#8221;1.17&#8243; max_width=&#8221;930px&#8221;]Discover all our <mark>Products<\/mark>[\/tm_heading][tm_spacer size=&#8221;lg:25&#8243;][tm_heading style=&#8221;modern&#8221; custom_google_font=&#8221;&#8221; align=&#8221;center&#8221; text_color=&#8221;custom&#8221; custom_text_color=&#8221;#ababab&#8221;]DEVATEC[\/tm_heading][tm_spacer size=&#8221;lg:59&#8243;][tm_grid style=&#8221;dashed-inner&#8221; equal_height=&#8221;1&#8243; columns=&#8221;xs:1;sm:2;lg:3&#8243;][tm_box_image style=&#8221;10&#8243; align=&#8221;center&#8221; image=&#8221;2613&#8243; box_link=&#8221;url:https%3A%2F%2Fwww.devatec.com%2Findex.php%2Fproduits%2Felmc%2F%3Flang%3Den|title:ELECTROVAP%20ELMC%20%26%20RTH&#8221; heading=&#8221;ELECTROVAP\u00ae ELMC&#8221; text=&#8221;The ElectroVap\u00ae ELMC humidifier produces sterile steam and is available in a range from 5 kg\/h to 99 kg\/h.&#8221; button=&#8221;url:https%3A%2F%2Fwww.devatec.com%2Findex.php%2Fproduits%2Felmc%2F|title:En%20savoir%20plus&#8221;][tm_box_image style=&#8221;10&#8243; align=&#8221;center&#8221; image=&#8221;997&#8243; box_link=&#8221;url:https%3A%2F%2Fwww.devatec.com%2Findex.php%2Fproduits%2Frth-hc%2F%3Flang%3Den|title:RTH-HC&#8221; heading=&#8221;ElectroVap\u00ae RTH-HC &amp; RTH-LC&#8221; text=&#8221;The ElectroVap\u00ae RTH humidifier produces sterile steam and is available in a range from 5 kg\/h to 104 kg\/h.&#8221; button=&#8221;url:https%3A%2F%2Fwww.devatec.com%2Findex.php%2Fproduits%2Fserie-9000%2F|title:En%20savoir%20plus&#8221;][tm_box_image style=&#8221;10&#8243; align=&#8221;center&#8221; image=&#8221;7130&#8243; box_link=&#8221;url:https%3A%2F%2Fwww.devatec.com%2Findex.php%2Fproduits%2Fevapack%2F%3Flang%3Den|title:EvaPack%C2%AE&#8221; heading=&#8221;EvaPack\u00ae&#8221; text=&#8221;The EvaPack\u00ae humidifier\/cooler converts water into steam through the adiabatic process.&#8221; button=&#8221;url:https%3A%2F%2Fwww.devatec.com%2Findex.php%2Fproduits%2Fevapack%2F|title:En%20savoir%20plus&#8221;][tm_box_image style=&#8221;10&#8243; align=&#8221;center&#8221; image=&#8221;1294&#8243; box_link=&#8221;url:https%3A%2F%2Fwww.devatec.com%2Findex.php%2Fproduits%2Fexpresspack%2F%3Flang%3Den|title:ExpressPack&#8221; heading=&#8221;ExpressPack \u00ae&#8221; text=&#8221;The ExpressPack\u00ae is a multi-tube dry steam diffusion system.&#8221; button=&#8221;url:https%3A%2F%2Fwww.devatec.com%2Findex.php%2Fproduits%2Fevapack%2F|title:En%20savoir%20plus&#8221;][tm_box_image style=&#8221;10&#8243; align=&#8221;center&#8221; image=&#8221;1300&#8243; box_link=&#8221;url:https%3A%2F%2Fwww.devatec.com%2Findex.php%2Fproduits%2Fblowerpack%2F%3Flang%3Den|title:BLOWERPACK&#8221; heading=&#8221;BlowerPack&#8221; text=&#8221;The BlowerPack is a ventilation unit designed for steam diffusion.&#8221; button=&#8221;url:https%3A%2F%2Fwww.devatec.com%2Findex.php%2Fproduits%2Fb120%2F|title:En%20savoir%20plus&#8221;][tm_box_image style=&#8221;10&#8243; align=&#8221;center&#8221; image=&#8221;995&#8243; box_link=&#8221;url:https%3A%2F%2Fwww.devatec.com%2Findex.php%2Fproduits%2Fbuses-bv%2F%3Flang%3Den|title:FOGSYSTEM%20BUS%20%26%20BV&#8221; heading=&#8221;FOGSYSTEM BUS &amp; BV&#8221; text=&#8221;The BV nozzle uses pressurized air that exits at high speed from a Venturi sprinkler, creating a vacuum that draws water from a constant level tank.&#8221; button=&#8221;url:https%3A%2F%2Fwww.devatec.com%2Findex.php%2Fproduits%2Fb500%2F|title:En%20savoir%20plus&#8221;][tm_box_image style=&#8221;10&#8243; image_size=&#8221;custom&#8221; align=&#8221;center&#8221; image=&#8221;773&#8243; box_link=&#8221;url:https%3A%2F%2Fwww.devatec.com%2Findex.php%2Fproduits%2Fsteam-bath%2F%3Flang%3Den|title:Steam%20bath&#8221; heading=&#8221;STEAM BATH&#8221; text=&#8221;The ElectroVap\u00ae Steam Bath ELMC-SB is an electrically powered steam generator, designed to control the temperature while producing a steady stream of hot, humid steam in the hammam.&#8221; button=&#8221;url:https%3A%2F%2Fwww.devatec.com%2Findex.php%2Fproduits%2Faccessoires%2F|title:En%20savoir%20plus&#8221; image_size_width=&#8221;100&#8243; image_size_height=&#8221;100&#8243;][tm_box_image style=&#8221;10&#8243; align=&#8221;center&#8221; image=&#8221;1578&#8243; box_link=&#8221;url:https%3A%2F%2Fwww.devatec.com%2Findex.php%2Fproduits%2Fac4%2F%3Flang%3Den|title:AC4&#8243; heading=&#8221;AC4&#8243; text=&#8221;The AC4 adiabatic centrifugal spray humidifier transforms water into a very fine mist that is immediately absorbed by the ambient air.&#8221; button=&#8221;title:En%20savoir%20plus&#8221;][tm_box_image style=&#8221;10&#8243; align=&#8221;center&#8221; image=&#8221;1576&#8243; box_link=&#8221;url:https%3A%2F%2Fwww.devatec.com%2Findex.php%2Fproduits%2Fb120%2F%3Flang%3Den|title:B120%2C%20250%20%26%20500&#8243; heading=&#8221;B120, 250 &amp; 500&#8243; text=&#8221;Energy efficient and silent functioning. These units are suitable for areas from 130 to 900 m3.&#8221; button=&#8221;url:https%3A%2F%2Fwww.devatec.com%2Findex.php%2Fproduits%2Fb120%2F|title:En%20savoir%20plus&#8221;][tm_box_image style=&#8221;10&#8243; align=&#8221;center&#8221; image=&#8221;1574&#8243; box_link=&#8221;url:https%3A%2F%2Fwww.devatec.com%2Findex.php%2Fproduits%2Fkit-mc%2F%3Flang%3Den|title:Kit%20MC&#8221; heading=&#8221;Kit MC&#8221; text=&#8221;The ElectroVap\u00ae KIT MC electrode humidifier produces sterile steam and is available in a range from 5 kg\/h to 60 kg\/h.&#8221; button=&#8221;url:https%3A%2F%2Fwww.devatec.com%2Findex.php%2Fproduits%2Fevapack%2F|title:En%20savoir%20plus&#8221;][tm_box_image style=&#8221;10&#8243; image_size=&#8221;custom&#8221; align=&#8221;center&#8221; image=&#8221;1591&#8243; box_link=&#8221;url:https%3A%2F%2Fwww.devatec.com%2Findex.php%2Fproduits%2Fthr%2F%3Flang%3Den|title:THR&#8221; heading=&#8221;THR&#8221; text=&#8221;The THR (temperature and humidity regulator) is an environmental controller to maintain an ideal climate (for greenhouses, cellars&#8230;).&#8221; button=&#8221;url:https%3A%2F%2Fwww.devatec.com%2Findex.php%2Fproduits%2Faccessoires%2F|title:En%20savoir%20plus&#8221; image_size_height=&#8221;100&#8243;][\/tm_grid][\/vc_column][\/vc_row][vc_row full_width=&#8221;stretch_row&#8221; background_color=&#8221;gradient&#8221; lg_spacing=&#8221;padding_top:89;padding_bottom:70&#8243; background_gradient=&#8221;background: -webkit-gradient(linear, left top, left bottom, color-stop(5%, #FFFFFF), color-stop(100%, #F5F5F5));background: -moz-linear-gradient(top,#FFFFFF 5%,#F5F5F5 100%);background: -webkit-linear-gradient(top,#FFFFFF 5%,#F5F5F5 100%);background: -o-linear-gradient(top,#FFFFFF 5%,#F5F5F5 100%);background: -ms-linear-gradient(top,#FFFFFF 5%,#F5F5F5 100%);background: linear-gradient(top,#FFFFFF 5%,#F5F5F5 100%);&#8221; el_id=&#8221;armstrong&#8221;][vc_column][tm_heading custom_google_font=&#8221;&#8221; align=&#8221;center&#8221; font_size=&#8221;sm:36;md:42;lg:48&#8243; line_height=&#8221;1.17&#8243; max_width=&#8221;930px&#8221;]D\u00e9couvrez tous nos <mark>Produits<\/mark>[\/tm_heading][tm_spacer size=&#8221;lg:25&#8243;][tm_heading style=&#8221;modern&#8221; custom_google_font=&#8221;&#8221; align=&#8221;center&#8221; text_color=&#8221;custom&#8221; custom_text_color=&#8221;#ababab&#8221;]ARMSTRONG[\/tm_heading][tm_spacer size=&#8221;lg:59&#8243;][tm_grid style=&#8221;dashed-inner&#8221; equal_height=&#8221;1&#8243; columns=&#8221;xs:1;sm:2;lg:3&#8243;][tm_box_image style=&#8221;10&#8243; align=&#8221;center&#8221; image=&#8221;1298&#8243; box_link=&#8221;url:https%3A%2F%2Fwww.devatec.com%2Findex.php%2Fproduits%2Fehu-750%2F|title:EHU%20750&#8243; heading=&#8221;EHU 750&#8243; text=&#8221;The EHU 750 humidifier produces sterile steam and is available in a range from 5 kg\/h to 99 kg\/h.&#8221; button=&#8221;url:https%3A%2F%2Fwww.devatec.com%2Findex.php%2Fproduits%2Felmc%2F|title:En%20savoir%20plus&#8221;][tm_box_image style=&#8221;10&#8243; align=&#8221;center&#8221; image=&#8221;1296&#8243; box_link=&#8221;url:https%3A%2F%2Fwww.devatec.com%2Findex.php%2Fproduits%2Fers%2F|title:ERS&#8221; heading=&#8221;ERS&#8221; text=&#8221;The ERS humidifier produces sterile steam and is available in a range from 5 kg\/h to 104 kg\/h.&#8221; button=&#8221;url:https%3A%2F%2Fwww.devatec.com%2Findex.php%2Fproduits%2Fb500%2F|title:En%20savoir%20plus&#8221;][tm_box_image style=&#8221;10&#8243; align=&#8221;center&#8221; image=&#8221;1600&#8243; box_link=&#8221;url:https%3A%2F%2Fwww.devatec.com%2Findex.php%2Fproduits%2Fhp%2F|title:HP&#8221; heading=&#8221;HP&#8221; text=&#8221;The HP nozzle system solves many humidity problems in industry and the service sector, with minimum installation and maintenance costs.&#8221; button=&#8221;url:https%3A%2F%2Fwww.devatec.com%2Findex.php%2Fproduits%2Fserie-9000%2F|title:En%20savoir%20plus&#8221;][tm_box_image style=&#8221;10&#8243; align=&#8221;center&#8221; image=&#8221;766&#8243; box_link=&#8221;url:https%3A%2F%2Fwww.devatec.com%2Findex.php%2Fproduits%2Fhumidipack%2F|title:HUMIDIPACK%C2%AE&#8221; heading=&#8221;HumidiPack\u00ae&#8221; text=&#8221;The Armstrong HumidiPack\u00ae humidifier is a prefabricated unit ready for installation in a ventilation duct.&#8221; button=&#8221;url:https%3A%2F%2Fwww.devatec.com%2Findex.php%2Fproduits%2Fevapack%2F|title:En%20savoir%20plus&#8221;][tm_box_image style=&#8221;10&#8243; image_size=&#8221;custom&#8221; align=&#8221;center&#8221; image=&#8221;1604&#8243; box_link=&#8221;url:https%3A%2F%2Fwww.devatec.com%2Findex.php%2Fproduits%2Fserie-1000%2F|title:S%C3%89RIE%201000&#8243; heading=&#8221;1000 Series&#8221; text=&#8221;Il s\u2019agit d\u2019un humidificateur de type s\u00e9parateur de vapeur pour une utilisation dans des environnements sensibles o\u00f9 de l&#8217;eau pure, d\u00e9min\u00e9ralis\u00e9e, d\u00e9ionis\u00e9e ou distill\u00e9e est utilis\u00e9e pour g\u00e9n\u00e9rer de la vapeur propre.&#8221; button=&#8221;url:https%3A%2F%2Fwww.devatec.com%2Findex.php%2Fproduits%2Faccessoires%2F|title:En%20savoir%20plus&#8221; image_size_height=&#8221;100&#8243;][tm_box_image style=&#8221;10&#8243; image_size=&#8221;custom&#8221; align=&#8221;center&#8221; image=&#8221;1606&#8243; box_link=&#8221;url:https%3A%2F%2Fwww.devatec.com%2Findex.php%2Fproduits%2Fserie-9000%2F|title:S%C3%89RIE%209000&#8243; heading=&#8221;9000 Series&#8221; button=&#8221;url:%23|title:En%20savoir%20plus&#8221; text=&#8221;The Series 9000 direct steam injection humidifier provides precisely controlled, trouble-free steam humidification.&#8221; image_size_height=&#8221;150&#8243;][tm_box_image style=&#8221;10&#8243; image_size=&#8221;custom&#8221; align=&#8221;center&#8221; image=&#8221;2048&#8243; box_link=&#8221;url:https%3A%2F%2Fwww.devatec.com%2Findex.php%2Fproduits%2Fhc6000%2F|title:HC6000&#8243; heading=&#8221;HC6000&#8243; button=&#8221;url:%23|title:En%20savoir%20plus&#8221; text=&#8221;HUMIDICLEAN\u2122 Series HC-6000 Humidifier with Ionic Bed Technology\u2122&#8221; image_size_width=&#8221;300&#8243; image_size_height=&#8221;300&#8243;][\/tm_grid][\/vc_column][\/vc_row]<\/p>\n<\/div>","protected":false},"excerpt":{"rendered":"<p>[vc_row full_width=&#8221;stretch_row&#8221; background_color=&#8221;gradient&#8221; lg_spacing=&#8221;padding_top:89;padding_bottom:70&#8243; background_gradient=&#8221;background: -webkit-gradient(linear, left top, left bottom, color-stop(5%, #FFFFFF), color-stop(100%, #F5F5F5));background: -moz-linear-gradient(top,#FFFFFF 5%,#F5F5F5 100%);background: -webkit-linear-gradient(top,#FFFFFF 5%,#F5F5F5 100%);background: -o-linear-gradient(top,#FFFFFF 5%,#F5F5F5 100%);background: -ms-linear-gradient(top,#FFFFFF 5%,#F5F5F5 100%);background: linear-gradient(top,#FFFFFF 5%,#F5F5F5 100%);&#8221; el_id=&#8221;devatec&#8221;][vc_column][tm_heading custom_google_font=&#8221;&#8221; align=&#8221;center&#8221; font_size=&#8221;sm:36;md:42;lg:48&#8243; line_height=&#8221;1.17&#8243; max_width=&#8221;930px&#8221;]Discover all our Products[\/tm_heading][tm_spacer size=&#8221;lg:25&#8243;][tm_heading style=&#8221;modern&#8221; custom_google_font=&#8221;&#8221; align=&#8221;center&#8221; text_color=&#8221;custom&#8221; custom_text_color=&#8221;#ababab&#8221;]DEVATEC[\/tm_heading][tm_spacer size=&#8221;lg:59&#8243;][tm_grid style=&#8221;dashed-inner&#8221; equal_height=&#8221;1&#8243; columns=&#8221;xs:1;sm:2;lg:3&#8243;][tm_box_image style=&#8221;10&#8243; align=&#8221;center&#8221; image=&#8221;2613&#8243; box_link=&#8221;url:https%3A%2F%2Fwww.devatec.com%2Findex.php%2Fproduits%2Felmc%2F%3Flang%3Den|title:ELECTROVAP%20ELMC%20%26%20RTH&#8221; heading=&#8221;ELECTROVAP\u00ae ELMC&#8221; text=&#8221;The ElectroVap\u00ae ELMC humidifier produces sterile steam and is available in a range from 5 kg\/h to 99 kg\/h.&#8221; button=&#8221;url:https%3A%2F%2Fwww.devatec.com%2Findex.php%2Fproduits%2Felmc%2F|title:En%20savoir%20plus&#8221;][tm_box_image style=&#8221;10&#8243; align=&#8221;center&#8221; image=&#8221;997&#8243; box_link=&#8221;url:https%3A%2F%2Fwww.devatec.com%2Findex.php%2Fproduits%2Frth-hc%2F%3Flang%3Den|title:RTH-HC&#8221; heading=&#8221;ElectroVap\u00ae RTH-HC &amp; RTH-LC&#8221; text=&#8221;The ElectroVap\u00ae RTH humidifier produces sterile steam and is available in a range from 5 kg\/h to 104 kg\/h.&#8221; button=&#8221;url:https%3A%2F%2Fwww.devatec.com%2Findex.php%2Fproduits%2Fserie-9000%2F|title:En%20savoir%20plus&#8221;][tm_box_image style=&#8221;10&#8243; align=&#8221;center&#8221; image=&#8221;7130&#8243; box_link=&#8221;url:https%3A%2F%2Fwww.devatec.com%2Findex.php%2Fproduits%2Fevapack%2F%3Flang%3Den|title:EvaPack%C2%AE&#8221; heading=&#8221;EvaPack\u00ae&#8221; text=&#8221;The EvaPack\u00ae humidifier\/cooler converts water into steam through the adiabatic process.&#8221; button=&#8221;url:https%3A%2F%2Fwww.devatec.com%2Findex.php%2Fproduits%2Fevapack%2F|title:En%20savoir%20plus&#8221;][tm_box_image style=&#8221;10&#8243; align=&#8221;center&#8221; image=&#8221;1294&#8243; box_link=&#8221;url:https%3A%2F%2Fwww.devatec.com%2Findex.php%2Fproduits%2Fexpresspack%2F%3Flang%3Den|title:ExpressPack&#8221; heading=&#8221;ExpressPack \u00ae&#8221; text=&#8221;The ExpressPack\u00ae is a multi-tube dry steam diffusion system.&#8221; button=&#8221;url:https%3A%2F%2Fwww.devatec.com%2Findex.php%2Fproduits%2Fevapack%2F|title:En%20savoir%20plus&#8221;][tm_box_image style=&#8221;10&#8243; align=&#8221;center&#8221; image=&#8221;1300&#8243; box_link=&#8221;url:https%3A%2F%2Fwww.devatec.com%2Findex.php%2Fproduits%2Fblowerpack%2F%3Flang%3Den|title:BLOWERPACK&#8221; heading=&#8221;BlowerPack&#8221; text=&#8221;The BlowerPack is a ventilation unit designed for steam diffusion.&#8221; button=&#8221;url:https%3A%2F%2Fwww.devatec.com%2Findex.php%2Fproduits%2Fb120%2F|title:En%20savoir%20plus&#8221;][tm_box_image style=&#8221;10&#8243; align=&#8221;center&#8221; image=&#8221;995&#8243; box_link=&#8221;url:https%3A%2F%2Fwww.devatec.com%2Findex.php%2Fproduits%2Fbuses-bv%2F%3Flang%3Den|title:FOGSYSTEM%20BUS%20%26%20BV&#8221; heading=&#8221;FOGSYSTEM BUS &amp; BV&#8221; text=&#8221;The BV nozzle uses pressurized air that exits at high speed from a Venturi sprinkler, creating a vacuum that draws water from a constant level tank.&#8221; button=&#8221;url:https%3A%2F%2Fwww.devatec.com%2Findex.php%2Fproduits%2Fb500%2F|title:En%20savoir%20plus&#8221;][tm_box_image style=&#8221;10&#8243; image_size=&#8221;custom&#8221; align=&#8221;center&#8221; image=&#8221;773&#8243; box_link=&#8221;url:https%3A%2F%2Fwww.devatec.com%2Findex.php%2Fproduits%2Fsteam-bath%2F%3Flang%3Den|title:Steam%20bath&#8221; heading=&#8221;STEAM BATH&#8221; text=&#8221;The ElectroVap\u00ae Steam Bath ELMC-SB is an electrically powered steam generator, designed to control the temperature while producing a steady stream of hot, humid steam in the hammam.&#8221; button=&#8221;url:https%3A%2F%2Fwww.devatec.com%2Findex.php%2Fproduits%2Faccessoires%2F|title:En%20savoir%20plus&#8221; image_size_width=&#8221;100&#8243; image_size_height=&#8221;100&#8243;][tm_box_image style=&#8221;10&#8243; align=&#8221;center&#8221; image=&#8221;1578&#8243; box_link=&#8221;url:https%3A%2F%2Fwww.devatec.com%2Findex.php%2Fproduits%2Fac4%2F%3Flang%3Den|title:AC4&#8243; heading=&#8221;AC4&#8243; text=&#8221;The AC4 adiabatic centrifugal spray humidifier transforms water into a very fine mist that is immediately absorbed by the ambient air.&#8221; button=&#8221;title:En%20savoir%20plus&#8221;][tm_box_image style=&#8221;10&#8243; align=&#8221;center&#8221; image=&#8221;1576&#8243; box_link=&#8221;url:https%3A%2F%2Fwww.devatec.com%2Findex.php%2Fproduits%2Fb120%2F%3Flang%3Den|title:B120%2C%20250%20%26%20500&#8243; heading=&#8221;B120, 250 &amp; 500&#8243; text=&#8221;Energy efficient and silent functioning. These units are suitable for areas from 130 to 900 m3.&#8221; button=&#8221;url:https%3A%2F%2Fwww.devatec.com%2Findex.php%2Fproduits%2Fb120%2F|title:En%20savoir%20plus&#8221;][tm_box_image style=&#8221;10&#8243; align=&#8221;center&#8221; image=&#8221;1574&#8243; box_link=&#8221;url:https%3A%2F%2Fwww.devatec.com%2Findex.php%2Fproduits%2Fkit-mc%2F%3Flang%3Den|title:Kit%20MC&#8221; heading=&#8221;Kit MC&#8221; text=&#8221;The ElectroVap\u00ae KIT MC electrode humidifier produces sterile steam and is available in a range from 5 kg\/h to 60 kg\/h.&#8221; button=&#8221;url:https%3A%2F%2Fwww.devatec.com%2Findex.php%2Fproduits%2Fevapack%2F|title:En%20savoir%20plus&#8221;][tm_box_image style=&#8221;10&#8243; image_size=&#8221;custom&#8221; align=&#8221;center&#8221; image=&#8221;1591&#8243; box_link=&#8221;url:https%3A%2F%2Fwww.devatec.com%2Findex.php%2Fproduits%2Fthr%2F%3Flang%3Den|title:THR&#8221; heading=&#8221;THR&#8221; text=&#8221;The THR (temperature and humidity regulator) is an environmental controller to maintain an ideal climate (for greenhouses, cellars&#8230;).&#8221; button=&#8221;url:https%3A%2F%2Fwww.devatec.com%2Findex.php%2Fproduits%2Faccessoires%2F|title:En%20savoir%20plus&#8221; image_size_height=&#8221;100&#8243;][\/tm_grid][\/vc_column][\/vc_row][vc_row full_width=&#8221;stretch_row&#8221; background_color=&#8221;gradient&#8221; lg_spacing=&#8221;padding_top:89;padding_bottom:70&#8243; background_gradient=&#8221;background: -webkit-gradient(linear, left top, left bottom, color-stop(5%, #FFFFFF), color-stop(100%, #F5F5F5));background: -moz-linear-gradient(top,#FFFFFF 5%,#F5F5F5 100%);background: -webkit-linear-gradient(top,#FFFFFF 5%,#F5F5F5 100%);background: -o-linear-gradient(top,#FFFFFF 5%,#F5F5F5 100%);background: -ms-linear-gradient(top,#FFFFFF 5%,#F5F5F5 100%);background: linear-gradient(top,#FFFFFF 5%,#F5F5F5 100%);&#8221; el_id=&#8221;armstrong&#8221;][vc_column][tm_heading custom_google_font=&#8221;&#8221; align=&#8221;center&#8221; font_size=&#8221;sm:36;md:42;lg:48&#8243; line_height=&#8221;1.17&#8243; max_width=&#8221;930px&#8221;]D\u00e9couvrez tous nos Produits[\/tm_heading][tm_spacer size=&#8221;lg:25&#8243;][tm_heading style=&#8221;modern&#8221; custom_google_font=&#8221;&#8221; align=&#8221;center&#8221; text_color=&#8221;custom&#8221; custom_text_color=&#8221;#ababab&#8221;]ARMSTRONG[\/tm_heading][tm_spacer size=&#8221;lg:59&#8243;][tm_grid style=&#8221;dashed-inner&#8221; equal_height=&#8221;1&#8243; columns=&#8221;xs:1;sm:2;lg:3&#8243;][tm_box_image style=&#8221;10&#8243; align=&#8221;center&#8221; image=&#8221;1298&#8243; box_link=&#8221;url:https%3A%2F%2Fwww.devatec.com%2Findex.php%2Fproduits%2Fehu-750%2F|title:EHU%20750&#8243; heading=&#8221;EHU 750&#8243; text=&#8221;The EHU 750 humidifier produces sterile steam and is available in a range from 5 kg\/h to 99 kg\/h.&#8221; button=&#8221;url:https%3A%2F%2Fwww.devatec.com%2Findex.php%2Fproduits%2Felmc%2F|title:En%20savoir%20plus&#8221;][tm_box_image style=&#8221;10&#8243; align=&#8221;center&#8221; image=&#8221;1296&#8243; box_link=&#8221;url:https%3A%2F%2Fwww.devatec.com%2Findex.php%2Fproduits%2Fers%2F|title:ERS&#8221; heading=&#8221;ERS&#8221; text=&#8221;The ERS humidifier produces sterile steam and is available in a range from 5 kg\/h to 104 kg\/h.&#8221; button=&#8221;url:https%3A%2F%2Fwww.devatec.com%2Findex.php%2Fproduits%2Fb500%2F|title:En%20savoir%20plus&#8221;][tm_box_image style=&#8221;10&#8243; align=&#8221;center&#8221; image=&#8221;1600&#8243; box_link=&#8221;url:https%3A%2F%2Fwww.devatec.com%2Findex.php%2Fproduits%2Fhp%2F|title:HP&#8221; heading=&#8221;HP&#8221; text=&#8221;The HP nozzle system solves many humidity problems in industry and the service sector, with minimum installation and maintenance costs.&#8221; button=&#8221;url:https%3A%2F%2Fwww.devatec.com%2Findex.php%2Fproduits%2Fserie-9000%2F|title:En%20savoir%20plus&#8221;][tm_box_image style=&#8221;10&#8243; align=&#8221;center&#8221; image=&#8221;766&#8243; box_link=&#8221;url:https%3A%2F%2Fwww.devatec.com%2Findex.php%2Fproduits%2Fhumidipack%2F|title:HUMIDIPACK%C2%AE&#8221; heading=&#8221;HumidiPack\u00ae&#8221; text=&#8221;The Armstrong HumidiPack\u00ae humidifier is a prefabricated unit ready for installation in a ventilation duct.&#8221; button=&#8221;url:https%3A%2F%2Fwww.devatec.com%2Findex.php%2Fproduits%2Fevapack%2F|title:En%20savoir%20plus&#8221;][tm_box_image style=&#8221;10&#8243; image_size=&#8221;custom&#8221; align=&#8221;center&#8221; image=&#8221;1604&#8243; box_link=&#8221;url:https%3A%2F%2Fwww.devatec.com%2Findex.php%2Fproduits%2Fserie-1000%2F|title:S%C3%89RIE%201000&#8243; heading=&#8221;1000 Series&#8221; text=&#8221;Il s\u2019agit d\u2019un humidificateur de type s\u00e9parateur de vapeur pour une utilisation dans des environnements sensibles o\u00f9 de l&#8217;eau pure, d\u00e9min\u00e9ralis\u00e9e, d\u00e9ionis\u00e9e ou distill\u00e9e est utilis\u00e9e pour g\u00e9n\u00e9rer de la vapeur propre.&#8221; button=&#8221;url:https%3A%2F%2Fwww.devatec.com%2Findex.php%2Fproduits%2Faccessoires%2F|title:En%20savoir%20plus&#8221; image_size_height=&#8221;100&#8243;][tm_box_image style=&#8221;10&#8243; image_size=&#8221;custom&#8221; align=&#8221;center&#8221; image=&#8221;1606&#8243; box_link=&#8221;url:https%3A%2F%2Fwww.devatec.com%2Findex.php%2Fproduits%2Fserie-9000%2F|title:S%C3%89RIE%209000&#8243; heading=&#8221;9000 Series&#8221; button=&#8221;url:%23|title:En%20savoir%20plus&#8221; text=&#8221;The Series 9000 direct steam injection humidifier provides precisely controlled, trouble-free steam humidification.&#8221; image_size_height=&#8221;150&#8243;][tm_box_image style=&#8221;10&#8243; image_size=&#8221;custom&#8221; align=&#8221;center&#8221; image=&#8221;2048&#8243; box_link=&#8221;url:https%3A%2F%2Fwww.devatec.com%2Findex.php%2Fproduits%2Fhc6000%2F|title:HC6000&#8243; heading=&#8221;HC6000&#8243; button=&#8221;url:%23|title:En%20savoir%20plus&#8221; text=&#8221;HUMIDICLEAN\u2122 Series HC-6000 Humidifier with Ionic Bed Technology\u2122&#8221; image_size_width=&#8221;300&#8243; image_size_height=&#8221;300&#8243;][\/tm_grid][\/vc_column][\/vc_row]<\/p>\n","protected":false},"author":5,"featured_media":0,"parent":0,"menu_order":0,"comment_status":"closed","ping_status":"closed","template":"","meta":{"_seopress_robots_primary_cat":"","_seopress_titles_title":"","_seopress_titles_desc":"","_seopress_robots_index":"","footnotes":""},"class_list":["post-1290","page","type-page","status-publish","hentry","post-no-thumbnail"],"_links":{"self":[{"href":"https:\/\/www.devatec.com\/en\/wp-json\/wp\/v2\/pages\/1290","targetHints":{"allow":["GET"]}}],"collection":[{"href":"https:\/\/www.devatec.com\/en\/wp-json\/wp\/v2\/pages"}],"about":[{"href":"https:\/\/www.devatec.com\/en\/wp-json\/wp\/v2\/types\/page"}],"author":[{"embeddable":true,"href":"https:\/\/www.devatec.com\/en\/wp-json\/wp\/v2\/users\/5"}],"replies":[{"embeddable":true,"href":"https:\/\/www.devatec.com\/en\/wp-json\/wp\/v2\/comments?post=1290"}],"version-history":[{"count":2,"href":"https:\/\/www.devatec.com\/en\/wp-json\/wp\/v2\/pages\/1290\/revisions"}],"predecessor-version":[{"id":80072,"href":"https:\/\/www.devatec.com\/en\/wp-json\/wp\/v2\/pages\/1290\/revisions\/80072"}],"wp:attachment":[{"href":"https:\/\/www.devatec.com\/en\/wp-json\/wp\/v2\/media?parent=1290"}],"curies":[{"name":"wp","href":"https:\/\/api.w.org\/{rel}","templated":true}]}}